{"id":560,"date":"2011-04-04T19:10:23","date_gmt":"2011-04-04T18:10:23","guid":{"rendered":"http:\/\/ruiz-martin.de\/?page_id=560"},"modified":"2011-04-05T09:24:43","modified_gmt":"2011-04-05T08:24:43","slug":"architektenkammer-baden-wurrtemberg","status":"publish","type":"page","link":"https:\/\/ruiz-martin.de\/?page_id=560","title":{"rendered":"Architektenkammer Baden-W\u00fcrrtemberg"},"content":{"rendered":"<p><span style=\"color: #ff0000;\"><strong>Architektenkammer Stuttgart<\/strong><\/span><\/p>\n<p>Ich bin eingetragenes Mitglied der Architektenkammer Baden-W\u00fcrrtemberg, Dannekerstrasse 54 in 70182 Stuttgart.<br \/>\nAls eingetragenes Mitglied bin ich berechtigt diese Berufsbezeichnung zu f\u00fchren.<br \/>\nDie berufsrechtlichen Bestimmungen, das Architektengesetz Baden-W\u00fcrttemberg sowie die Berufsordnung sind<br \/>\nauf der Homepage der Architektenkammer Baden-W\u00fcrttemberg einsehbar. Die Links hierzu finden Sie nachstehend.<strong><br \/>\n<\/strong><\/p>\n<p><strong> <\/strong><\/p>\n<p><strong><span style=\"color: #ff0000;\">Architektengesetz<\/span><br \/>\n<\/strong>http:\/\/www.akbw.de\/download\/architektengesetz.pdf<\/p>\n<p><strong><span style=\"color: #ff0000;\">Berufsordnung<\/span><br \/>\n<\/strong>http:\/\/www.akbw.de\/download\/berufsordnung.pdf<strong><br \/>\n<\/strong><\/p>\n<p>Umsatzsteueridentifikation DE205865113<\/p>\n<p><strong><br \/>\n<\/strong><\/p>\n<p><strong><br \/>\n<\/strong><\/p>\n","protected":false},"excerpt":{"rendered":"<p>Architektenkammer Stuttgart Ich bin eingetragenes Mitglied der Architektenkammer Baden-W\u00fcrrtemberg, Dannekerstrasse 54 in 70182 Stuttgart. Als eingetragenes Mitglied bin ich berechtigt diese Berufsbezeichnung zu f\u00fchren. Die berufsrechtlichen Bestimmungen, das Architektengesetz Baden-W\u00fcrttemberg sowie die Berufsordnung sind auf der Homepage der Architektenkammer Baden-W\u00fcrttemberg einsehbar. Die Links hierzu finden Sie nachstehend. Architektengesetz http:\/\/www.akbw.de\/download\/architektengesetz.pdf Berufsordnung http:\/\/www.akbw.de\/download\/berufsordnung.pdf Umsatzsteueridentifikation DE205865113<\/p>\n","protected":false},"author":1,"featured_media":0,"parent":2,"menu_order":0,"comment_status":"closed","ping_status":"closed","template":"","meta":{"ngg_post_thumbnail":0},"_links":{"self":[{"href":"https:\/\/ruiz-martin.de\/index.php?rest_route=\/wp\/v2\/pages\/560"}],"collection":[{"href":"https:\/\/ruiz-martin.de\/index.php?rest_route=\/wp\/v2\/pages"}],"about":[{"href":"https:\/\/ruiz-martin.de\/index.php?rest_route=\/wp\/v2\/types\/page"}],"author":[{"embeddable":true,"href":"https:\/\/ruiz-martin.de\/index.php?rest_route=\/wp\/v2\/users\/1"}],"replies":[{"embeddable":true,"href":"https:\/\/ruiz-martin.de\/index.php?rest_route=%2Fwp%2Fv2%2Fcomments&post=560"}],"version-history":[{"count":0,"href":"https:\/\/ruiz-martin.de\/index.php?rest_route=\/wp\/v2\/pages\/560\/revisions"}],"up":[{"embeddable":true,"href":"https:\/\/ruiz-martin.de\/index.php?rest_route=\/wp\/v2\/pages\/2"}],"wp:attachment":[{"href":"https:\/\/ruiz-martin.de\/index.php?rest_route=%2Fwp%2Fv2%2Fmedia&parent=560"}],"curies":[{"name":"wp","href":"https:\/\/api.w.org\/{rel}","templated":true}]}}